{"id":666,"date":"2017-12-07T17:35:13","date_gmt":"2017-12-07T16:35:13","guid":{"rendered":"http:\/\/bp.german-water-partnership.de\/?page_id=666"},"modified":"2019-01-29T11:12:22","modified_gmt":"2019-01-29T10:12:22","slug":"privacy","status":"publish","type":"page","link":"https:\/\/blueplanetberlin.de\/en\/privacy\/","title":{"rendered":"Data Protection"},"content":{"rendered":"<p>BLUE PLANET Berlin Water Dialogues nimmt den Schutz Ihrer personenbezogenen Daten sehr ernst. Wir haben daher technische und organisatorische Ma\u00dfnahmen getroffen, um sicher zu stellen, dass die Vorschriften \u00fcber den Datenschutz sowohl von uns als auch von externen Dienstleistern beachtet werden.<\/p>\n<p>Personenbezogene Daten werden auf unseren Webseiten nur dann im technisch notwendigen Umfang erhoben und gespeichert, wenn Sie sich f\u00fcr eine Veranstaltung registrieren.<\/p>\n<p>Die nachfolgende Erkl\u00e4rung gibt Ihnen einen vollst\u00e4ndigen \u00dcberblick dar\u00fcber, wie BLUE PLANET Berlin Water Dialogues den Schutz Ihrer Daten gew\u00e4hrleistet und welche Art von Daten zu welchem Zweck erhoben werden.<\/p>\n<p><strong>Datenverarbeitung auf dieser Internetseite<\/strong><\/p>\n<p>Bei jedem Besuch einer Internetseite werden Daten erhoben und ausgetauscht. BLUE PLANET Berlin Water Dialogues erhebt und speichert automatisch Daten, die Ihr Browser an unseren Server \u00fcbermittelt. Dies sind:<\/p>\n<ul>\n<li>Typ und Version Ihres Internet-Browsers<\/li>\n<li>verwendetes Betriebssystem<\/li>\n<li>die aufgerufene Seite<\/li>\n<li>die zuvor besuchte Seite (Referrer URL)<\/li>\n<li>Uhrzeit der Serveranfrage.<\/li>\n<\/ul>\n<p>BLUE PLANET Berlin Water Dialogues wertet Daten allein f\u00fcr statistische Zwecke aus, um die Nachfrage nach BLUE PLANET Berlin Water Dialogues Webangeboten zu messen. BLUE PLANET Berlin Water Dialogues hat keine M\u00f6glichkeit, diese Daten einer bestimmten Person zuzuordnen. Eine Zusammenf\u00fchrung dieser Daten mit anderen Datenquellen wird nicht vorgenommen. Die IP-Nummern werden f\u00fcr die Dauer des Besuchs f\u00fcr die Beantwortung der Abfragen erfasst und nicht \u00fcber das Ende des Besuchs hinaus gespeichert. Daten, die beim Zugriff auf das Internetangebot der BLUE PLANET Berlin Water Dialogues protokolliert wurden, werden an Dritte nur \u00fcbermittelt, soweit wir gesetzlich oder durch Gerichtsentscheidung dazu verpflichtet sind oder die Weitergabe im Falle von Angriffen auf die Internetinfrastruktur von BLUE PLANET Berlin Water Dialogues zur Rechts- oder Strafverfolgung erforderlich ist. Eine Weitergabe in anderen F\u00e4llen erfolgt nicht.<\/p>\n<p><strong>Cookies<\/strong><br \/>\nSession-Cookies sind kleine Informationseinheiten, die ein Anbieter im Arbeitsspeicher des Computers des Besuchers speichert. In einem Session-Cookie wird eine zuf\u00e4llig erzeugte eindeutige Identifikationsnummer abgelegt, eine sogenannte Session-ID. Au\u00dferdem enth\u00e4lt ein Cookie die Angabe \u00fcber seine Herkunft und die Speicherfrist. Diese Cookies k\u00f6nnen keine anderen Daten speichern.<\/p>\n<p>Andere Anbieter nutzen dauerhafte Cookies, um Besucher auch nach langer Zeit wieder erkennen zu k\u00f6nnen. Diese Informationen werden dann als Textdatei auf der Festplatte des Computers des Besuchers gespeichert. Im Unterschied dazu werden die von BLUE PLANET Berlin Water Dialogues eingesetzten Session-Cookies gel\u00f6scht, wenn Sie die Sitzung beenden.<br \/>\nDie Verwendung von Cookies l\u00e4sst sich in allen Internetbrowsern regeln. Die meisten Browser sind so eingestellt, dass automatisch alle Cookies akzeptiert werden, ohne die Benutzer zu fragen.<\/p>\n<p><strong>Daten f\u00fcr die Veranstaltungsregistrierung<\/strong><br \/>\nFalls Sie im Rahmen einer Veranstaltungsregistrierung Daten \u00fcber eine Webseite an uns \u00fcbermitteln, werden diese Daten ausschlie\u00dflich f\u00fcr die entsprechende Veranstaltung genutzt. Eine Weitergabe dieser Daten an Dritte wird nur nach ausdr\u00fccklicher Zustimmung Ihrerseits vorgenommen. Eine sonstige Nutzung Ihrer Daten f\u00fcr andere Zwecke ist ausgeschlossen.<br \/>\nDatenerhebung im Rahmen einer Ausschreibung\/Bekanntmachung Ihre Daten werden auch hier, wie in allen anderen F\u00e4llen, vertraulich von uns behandelt. Die gesonderten Datenschutzbestimmungen einer Datenerhebung im Rahmen einer Ausschreibung\/Bekanntmachung entnehmen Sie bitte den jeweiligen Bekanntmachungstexten.<\/p>\n<p><strong>E-Mails an BLUE PLANET Berlin Water Dialogues<\/strong><br \/>\nWenn Sie uns eine E-Mail senden, so werden diese Mail und Ihre E-Mail-Adresse ausschlie\u00dflich f\u00fcr die Korrespondenz mit Ihnen verwandt. Die Aufbewahrung von B\u00fcrgeranfragen in Papier wie auch in elektronischer Form erfolgt gem\u00e4\u00df den f\u00fcr die Aufbewahrung von Schriftgut geltenden Fristen der Registraturrichtlinie, die die Gemeinsame Gesch\u00e4ftsordnung der Bundesministerien (GGO) erg\u00e4nzt.<\/p>\n<p><strong>Auskunftsrecht<\/strong><br \/>\nSie haben jederzeit das Recht auf Auskunft \u00fcber die bez\u00fcglich Ihrer Person gespeicherten Daten, deren Herkunft und Empf\u00e4nger sowie den Zweck der Speicherung. Auskunft \u00fcber die gespeicherten Daten gibt Ihnen der zentrale Datenschutzbeauftragte des Projektb\u00fcros German Water Partnership e.V. (datenschutz@germanwaterpartnership.de). Diese E-Mail-Adresse ist gegen Spambots gesch\u00fctzt! Sie m\u00fcssen JavaScript aktivieren, damit Sie sie sehen k\u00f6nnen. ).<\/p>\n","protected":false},"excerpt":{"rendered":"<p>BLUE PLANET Berlin Water Dialogues nimmt den Schutz Ihrer personenbezogenen Daten sehr ernst. Wir haben daher technische und organisatorische Ma\u00dfnahmen&hellip; <\/p>\n","protected":false},"author":1,"featured_media":0,"parent":0,"menu_order":0,"comment_status":"closed","ping_status":"closed","template":"","meta":{"_acf_changed":false,"footnotes":""},"class_list":["post-666","page","type-page","status-publish","hentry"],"acf":[],"_links":{"self":[{"href":"https:\/\/blueplanetberlin.de\/en\/wp-json\/wp\/v2\/pages\/666","targetHints":{"allow":["GET"]}}],"collection":[{"href":"https:\/\/blueplanetberlin.de\/en\/wp-json\/wp\/v2\/pages"}],"about":[{"href":"https:\/\/blueplanetberlin.de\/en\/wp-json\/wp\/v2\/types\/page"}],"author":[{"embeddable":true,"href":"https:\/\/blueplanetberlin.de\/en\/wp-json\/wp\/v2\/users\/1"}],"replies":[{"embeddable":true,"href":"https:\/\/blueplanetberlin.de\/en\/wp-json\/wp\/v2\/comments?post=666"}],"version-history":[{"count":4,"href":"https:\/\/blueplanetberlin.de\/en\/wp-json\/wp\/v2\/pages\/666\/revisions"}],"predecessor-version":[{"id":1624,"href":"https:\/\/blueplanetberlin.de\/en\/wp-json\/wp\/v2\/pages\/666\/revisions\/1624"}],"wp:attachment":[{"href":"https:\/\/blueplanetberlin.de\/en\/wp-json\/wp\/v2\/media?parent=666"}],"curies":[{"name":"wp","href":"https:\/\/api.w.org\/{rel}","templated":true}]}}